{"id":491,"date":"2025-02-14T14:03:45","date_gmt":"2025-02-14T13:03:45","guid":{"rendered":"https:\/\/www.manganonitartufi.com\/produktkatalog\/"},"modified":"2025-06-11T11:17:04","modified_gmt":"2025-06-11T09:17:04","slug":"produktkatalog","status":"publish","type":"page","link":"https:\/\/www.manganonitartufi.com\/de\/produktkatalog\/","title":{"rendered":"Produktkatalog"},"content":{"rendered":"<p>[et_pb_section fb_built=&#8221;1&#8243; _builder_version=&#8221;4.27.4&#8243; _module_preset=&#8221;default&#8221; global_colors_info=&#8221;{}&#8221; theme_builder_area=&#8221;post_content&#8221;][et_pb_row _builder_version=&#8221;4.27.4&#8243; _module_preset=&#8221;default&#8221; global_colors_info=&#8221;{}&#8221; theme_builder_area=&#8221;post_content&#8221;][et_pb_column type=&#8221;4_4&#8243; _builder_version=&#8221;4.27.4&#8243; _module_preset=&#8221;default&#8221; global_colors_info=&#8221;{}&#8221; theme_builder_area=&#8221;post_content&#8221;][et_pb_text admin_label=&#8221;Testo&#8221; _builder_version=&#8221;4.27.4&#8243; _module_preset=&#8221;default&#8221; global_colors_info=&#8221;{}&#8221; theme_builder_area=&#8221;post_content&#8221;]<\/p>\n<p style=\"text-align: center;\"><em>Entdecken Sie den Tr\u00fcffel, das Ergebnis von Authentizit\u00e4t und Leidenschaft, mit unserer besonderen Produktlinie.<\/em><\/p>\n<p style=\"text-align: center;\">Jedes Produkt von Manganoni Tartufi wird in einem strengen Auswahlverfahren unter der Leitung von Dr. Giacomo Manganoni und mit Hilfe lokaler Handwerker hergestellt.<\/p>\n<p style=\"text-align: center;\">Marco&#8217;s Saucen, aromatisierte \u00d6le und handwerkliche Spezialit\u00e4ten verwandeln jedes Gericht in ein Gourmet-Erlebnis.<br \/>Dank der Zusammenarbeit mit Prof. Dr. Ralph Giovanni Brinkmann, Dr. Iram Kamal und Ferruccio Lorenzini bringen wir den italienischen Tr\u00fcffel in die Welt und zelebrieren Qualit\u00e4t und Authentizit\u00e4t.<\/p>\n<p>[\/et_pb_text][\/et_pb_column][\/et_pb_row][\/et_pb_section][et_pb_section fb_built=&#8221;1&#8243; _builder_version=&#8221;4.27.4&#8243; _module_preset=&#8221;default&#8221; background_color=&#8221;#bd8f52&#8243; global_colors_info=&#8221;{}&#8221; theme_builder_area=&#8221;post_content&#8221;][et_pb_row _builder_version=&#8221;4.27.4&#8243; _module_preset=&#8221;default&#8221; global_colors_info=&#8221;{}&#8221; theme_builder_area=&#8221;post_content&#8221;][et_pb_column type=&#8221;4_4&#8243; _builder_version=&#8221;4.27.4&#8243; _module_preset=&#8221;default&#8221; global_colors_info=&#8221;{}&#8221; theme_builder_area=&#8221;post_content&#8221;][et_pb_text _builder_version=&#8221;4.27.4&#8243; _module_preset=&#8221;default&#8221; header_font=&#8221;|800|||||||&#8221; header_font_size=&#8221;35px&#8221; global_colors_info=&#8221;{}&#8221; theme_builder_area=&#8221;post_content&#8221;]<\/p>\n<h1 style=\"text-align: center;\"><span style=\"color: #ffffff;\">Perlen<\/span><\/h1>\n<h3 class=\"p1\" style=\"text-align: center;\"><span style=\"color: #ffffff;\"><strong>Erh\u00e4ltlich in Packungen mit 6, 12 und 24 St\u00fcck.<\/strong><\/span><\/h3>\n<p>[\/et_pb_text][et_pb_text _builder_version=&#8221;4.27.4&#8243; _module_preset=&#8221;default&#8221; global_colors_info=&#8221;{}&#8221; theme_builder_area=&#8221;post_content&#8221;]<\/p>\n<p style=\"text-align: center;\"><span style=\"color: #ffffff;\"><em>Tr\u00fcffelperlen sind ein wahrer Gaumenschmaus, der jedes Gericht auf die n\u00e4chste Stufe hebt.\n\nDiese kleinen K\u00fcgelchen verk\u00f6rpern das intensive und unverwechselbare Aroma von Tr\u00fcffeln und bieten bei jedem Bissen\n eine Geschmacksexplosion.Ihre zarte Textur und ihre F\u00e4higkeit, sich harmonisch in die umgebenden Aromen einzuf\u00fcgen, machen sie zu einer vielseitigen und wertvollen Zutat.\n\nOb es darum geht, ein Risotto zu bereichern, ein feines Filet zu garnieren oder einfach nur ein Crouton zu verfeinern, Tr\u00fcffelperlen verwandeln jede Kreation in ein unvergessliches gastronomisches Erlebnis, einen wahren Luxus f\u00fcr den Gaumen.<\/em><\/span><\/p>\n<p>[\/et_pb_text][et_pb_shop type=&#8221;product_category&#8221; include_categories=&#8221;18&#8243; orderby=&#8221;menu_order&#8221; _builder_version=&#8221;4.27.4&#8243; _module_preset=&#8221;default&#8221; title_font=&#8221;|700|||||||&#8221; title_text_color=&#8221;#FFFFFF&#8221; text_orientation=&#8221;center&#8221; border_radii_image=&#8221;on|20px|20px|20px|20px&#8221; global_colors_info=&#8221;{}&#8221; theme_builder_area=&#8221;post_content&#8221;][\/et_pb_shop][\/et_pb_column][\/et_pb_row][\/et_pb_section][et_pb_section fb_built=&#8221;1&#8243; _builder_version=&#8221;4.27.4&#8243; _module_preset=&#8221;default&#8221; background_color=&#8221;rgba(189,143,82,0.15)&#8221; global_colors_info=&#8221;{}&#8221; theme_builder_area=&#8221;post_content&#8221;][et_pb_row _builder_version=&#8221;4.27.4&#8243; _module_preset=&#8221;default&#8221; global_colors_info=&#8221;{}&#8221; theme_builder_area=&#8221;post_content&#8221;][et_pb_column type=&#8221;4_4&#8243; _builder_version=&#8221;4.27.4&#8243; _module_preset=&#8221;default&#8221; global_colors_info=&#8221;{}&#8221; theme_builder_area=&#8221;post_content&#8221;][et_pb_text _builder_version=&#8221;4.27.4&#8243; _module_preset=&#8221;default&#8221; header_font=&#8221;|800|||||||&#8221; header_font_size=&#8221;35px&#8221; global_colors_info=&#8221;{}&#8221; theme_builder_area=&#8221;post_content&#8221;]<\/p>\n<h1 style=\"text-align: center;\">Saucen<\/h1>\n<h3 class=\"p1\" style=\"text-align: center;\"><strong>Erh\u00e4ltlich in Packungen mit 6, 12 und 24 St\u00fcck.<\/strong><\/h3>\n<p>[\/et_pb_text][et_pb_text _builder_version=&#8221;4.27.4&#8243; _module_preset=&#8221;default&#8221; locked=&#8221;off&#8221; global_colors_info=&#8221;{}&#8221; theme_builder_area=&#8221;post_content&#8221;]<\/p>\n<p style=\"text-align: center;\"><span style=\"color: #333333;\"><em>Tr\u00fcffelsaucen sind ein wahres Geschmackskonzentrat, das in der Lage ist, selbst das einfachste Gericht in eine Gourmet-Delikatesse zu verwandeln.\n\nDiese cremigen und umh\u00fcllenden Gew\u00fcrze fangen die Essenz des Tr\u00fcffels in einer samtigen Textur ein und k\u00f6nnen auf tausend verschiedene Arten verwendet werden.\n\nVon den zartesten Saucen auf Basis von Sahne oder Mascarpone, die perfekt zu wei\u00dfem Fleisch, Fisch oder gegrilltem Gem\u00fcse passen, bis hin zu den intensiveren Saucen auf der Basis von Steinpilzen oder gereiftem K\u00e4se, ideal f\u00fcr Bruschetta, Croutons und Nudelgerichte, bieten Tr\u00fcffelsaucen ein unvergessliches Geschmackserlebnis.\n\nEin Essl\u00f6ffel Tr\u00fcffelsauce reicht aus, um jede Zubereitung aufzuwerten und einen Hauch von Luxus und ein unverwechselbares Aroma zu verleihen.<\/em><\/span><\/p>\n<p>[\/et_pb_text][et_pb_shop type=&#8221;product_category&#8221; include_categories=&#8221;19&#8243; orderby=&#8221;menu_order&#8221; _builder_version=&#8221;4.27.4&#8243; _module_preset=&#8221;default&#8221; title_font=&#8221;|700|||||||&#8221; text_orientation=&#8221;center&#8221; border_radii_image=&#8221;on|20px|20px|20px|20px&#8221; global_colors_info=&#8221;{}&#8221; theme_builder_area=&#8221;post_content&#8221;][\/et_pb_shop][\/et_pb_column][\/et_pb_row][\/et_pb_section][et_pb_section fb_built=&#8221;1&#8243; _builder_version=&#8221;4.27.4&#8243; _module_preset=&#8221;default&#8221; background_color=&#8221;#bd8f52&#8243; global_colors_info=&#8221;{}&#8221; theme_builder_area=&#8221;post_content&#8221;][et_pb_row _builder_version=&#8221;4.27.4&#8243; _module_preset=&#8221;default&#8221; global_colors_info=&#8221;{}&#8221; theme_builder_area=&#8221;post_content&#8221;][et_pb_column type=&#8221;4_4&#8243; _builder_version=&#8221;4.27.4&#8243; _module_preset=&#8221;default&#8221; global_colors_info=&#8221;{}&#8221; theme_builder_area=&#8221;post_content&#8221;][et_pb_text _builder_version=&#8221;4.27.4&#8243; _module_preset=&#8221;default&#8221; header_font=&#8221;|800|||||||&#8221; header_font_size=&#8221;35px&#8221; global_colors_info=&#8221;{}&#8221; theme_builder_area=&#8221;post_content&#8221;]<\/p>\n<h1 style=\"text-align: center;\"><span style=\"color: #ffffff;\">W\u00fcrzmittel<\/span><\/h1>\n<h3 class=\"p1\" style=\"text-align: center;\"><span style=\"color: #ffffff;\"><strong>Erh\u00e4ltlich in Packungen mit 6, 12 und 24 St\u00fcck.<\/strong><\/span><\/h3>\n<p>[\/et_pb_text][et_pb_text _builder_version=&#8221;4.27.4&#8243; _module_preset=&#8221;default&#8221; locked=&#8221;off&#8221; global_colors_info=&#8221;{}&#8221; theme_builder_area=&#8221;post_content&#8221;]<\/p>\n<p style=\"text-align: center;\"><span style=\"color: #ffffff;\"><em>Gew\u00fcrze auf Tr\u00fcffelbasis sind eine wahre Fundgrube f\u00fcr Liebhaber raffinierter Aromen.\n\nDiese Produkte fangen die Essenz von Tr\u00fcffeln in verschiedenen Formen ein und bieten eine einfache und vielseitige M\u00f6glichkeit, jedes Gericht zu bereichern.\n\nVon samtigen Cremes \u00fcber intensive Saucen bis hin zu duftenden \u00d6len bietet jedes Gew\u00fcrz auf Tr\u00fcffelbasis einen Hauch von Luxus und eine unverwechselbare Geschmacksexplosion.\n\nPerfekt zum Verfeinern von ersten G\u00e4ngen, Hauptgerichten mit Fleisch oder Fisch, aber auch zum Verzieren einfacher Vorspeisen und Beilagen, verwandeln Gew\u00fcrze auf Tr\u00fcffelbasis jede Zubereitung in ein unvergessliches kulinarisches Erlebnis und bringen die Eleganz und Magie dieser kostbaren Zutat auf den Tisch.<\/em><\/span><\/p>\n<p>[\/et_pb_text][et_pb_shop type=&#8221;product_category&#8221; include_categories=&#8221;20&#8243; orderby=&#8221;menu_order&#8221; _builder_version=&#8221;4.27.4&#8243; _module_preset=&#8221;default&#8221; title_font=&#8221;|700|||||||&#8221; title_text_color=&#8221;#FFFFFF&#8221; text_orientation=&#8221;center&#8221; border_radii_image=&#8221;on|20px|20px|20px|20px&#8221; global_colors_info=&#8221;{}&#8221; theme_builder_area=&#8221;post_content&#8221;][\/et_pb_shop][\/et_pb_column][\/et_pb_row][\/et_pb_section][et_pb_section fb_built=&#8221;1&#8243; _builder_version=&#8221;4.27.4&#8243; _module_preset=&#8221;default&#8221; background_color=&#8221;rgba(189,143,82,0.15)&#8221; global_colors_info=&#8221;{}&#8221; theme_builder_area=&#8221;post_content&#8221;][et_pb_row _builder_version=&#8221;4.27.4&#8243; _module_preset=&#8221;default&#8221; global_colors_info=&#8221;{}&#8221; theme_builder_area=&#8221;post_content&#8221;][et_pb_column type=&#8221;4_4&#8243; _builder_version=&#8221;4.27.4&#8243; _module_preset=&#8221;default&#8221; global_colors_info=&#8221;{}&#8221; theme_builder_area=&#8221;post_content&#8221;][et_pb_text _builder_version=&#8221;4.27.4&#8243; _module_preset=&#8221;default&#8221; header_font=&#8221;|800|||||||&#8221; header_font_size=&#8221;35px&#8221; global_colors_info=&#8221;{}&#8221; theme_builder_area=&#8221;post_content&#8221;]<\/p>\n<h1 style=\"text-align: center;\">Pasta &amp; So\u00dfe<\/h1>\n<h3 class=\"p1\" style=\"text-align: center;\"><strong>Erh\u00e4ltlich in Packungen mit 6, 12 und 24 St\u00fcck.<\/strong><\/h3>\n<p>[\/et_pb_text][et_pb_text _builder_version=&#8221;4.27.4&#8243; _module_preset=&#8221;default&#8221; locked=&#8221;off&#8221; global_colors_info=&#8221;{}&#8221; theme_builder_area=&#8221;post_content&#8221;]<\/p>\n<p style=\"text-align: center;\"><span style=\"color: #333333;\"><em>Die Tr\u00fcffelpasta ist ein erster Gang von au\u00dfergew\u00f6hnlicher Eleganz und Einfachheit, der in der Lage ist, den Tr\u00fcffel in seiner ganzen Essenz zu zelebrieren.\n\nDie aus Hartweizengrie\u00df hergestellten und mit Flocken- oder Tr\u00fcffelaroma angereicherten Nudeln setzen bereits beim Kochen ein intensives und umh\u00fcllendes Aroma frei.\n\nNach dem W\u00fcrzen mit einem Spritzer nativem Oliven\u00f6l extra und einer Prise Parmesan oder begleitet von einer zarten Sahne- oder Buttersauce verwandelt sich die Tr\u00fcffelpasta in ein unvergessliches Geschmackserlebnis.\n\nJede Gabel ist eine Reise in die Welt der raffinierten Aromen, ein einfacher und luxuri\u00f6ser Genuss zugleich.\n\nTr\u00fcffelsaucen sind die ideale L\u00f6sung, um den feinen Geschmack von Tr\u00fcffeln auf praktische und vielseitige Weise auf den Tisch zu bringen.\n\nDiese Gew\u00fcrze, die aus hochwertigen Zutaten hergestellt und mit schwarzen oder wei\u00dfen Tr\u00fcffeln angereichert sind, bieten eine breite Palette von Geschmacksrichtungen und Texturen, von cremigen Saucen bis hin zu intensiveren Pasteten.\n\nPerfekt zum W\u00fcrzen von frischer oder getrockneter Pasta, Risottos, Gnocchi, aber auch zu Hauptgerichten mit Fleisch oder Fisch, sind Tr\u00fcffelsaucen ein echter Joker in der K\u00fcche.\n\nMit einem einzigen L\u00f6ffel verwandeln sie jedes Gericht in eine Gourmet-Kreation, die einen Hauch von Luxus und einen unverwechselbaren Geschmack verleiht.<\/em><\/span><\/p>\n<p>[\/et_pb_text][et_pb_shop type=&#8221;product_category&#8221; include_categories=&#8221;21&#8243; orderby=&#8221;menu_order&#8221; _builder_version=&#8221;4.27.4&#8243; _module_preset=&#8221;default&#8221; title_font=&#8221;|700|||||||&#8221; text_orientation=&#8221;center&#8221; border_radii_image=&#8221;on|20px|20px|20px|20px&#8221; global_colors_info=&#8221;{}&#8221; theme_builder_area=&#8221;post_content&#8221;][\/et_pb_shop][\/et_pb_column][\/et_pb_row][\/et_pb_section][et_pb_section fb_built=&#8221;1&#8243; _builder_version=&#8221;4.27.4&#8243; _module_preset=&#8221;default&#8221; background_color=&#8221;#bd8f52&#8243; global_colors_info=&#8221;{}&#8221; theme_builder_area=&#8221;post_content&#8221;][et_pb_row _builder_version=&#8221;4.27.4&#8243; _module_preset=&#8221;default&#8221; global_colors_info=&#8221;{}&#8221; theme_builder_area=&#8221;post_content&#8221;][et_pb_column type=&#8221;4_4&#8243; _builder_version=&#8221;4.27.4&#8243; _module_preset=&#8221;default&#8221; global_colors_info=&#8221;{}&#8221; theme_builder_area=&#8221;post_content&#8221;][et_pb_text _builder_version=&#8221;4.27.4&#8243; _module_preset=&#8221;default&#8221; text_text_color=&#8221;#FFFFFF&#8221; header_font=&#8221;|800|||||||&#8221; header_text_color=&#8221;#FFFFFF&#8221; header_font_size=&#8221;35px&#8221; global_colors_info=&#8221;{}&#8221; theme_builder_area=&#8221;post_content&#8221;]<\/p>\n<h1 style=\"text-align: center;\"><span style=\"color: #ffffff;\">Delikatesse<\/span><\/h1>\n<h3 class=\"p1\" style=\"text-align: center;\"><span style=\"color: #ffffff;\"><strong>Erh\u00e4ltlich in Packungen mit 6, 12 und 24 St\u00fcck.<\/strong><\/span><\/h3>\n<p>[\/et_pb_text][et_pb_text _builder_version=&#8221;4.27.4&#8243; _module_preset=&#8221;default&#8221; locked=&#8221;off&#8221; global_colors_info=&#8221;{}&#8221; theme_builder_area=&#8221;post_content&#8221;]<\/p>\n<p style=\"text-align: center;\"><span style=\"color: #ffffff;\"><em>Die Tr\u00fcffeldelikatessen stellen den H\u00f6hepunkt der gastronomischen Raffinesse dar und sind in der Lage, jeden Moment in ein besonderes Ereignis zu verwandeln.\n\nDiese exklusiven Produkte, die aus feinen Zutaten hergestellt und mit hochwertigen Tr\u00fcffeln angereichert sind, bieten ein einzigartiges und unvergessliches sensorisches Erlebnis.\n\nVon den einfachsten Kreationen, wie aromatisierten Chips, oder leckeren Croutons, bis hin zu den aufwendigsten Zubereitungen, wie Carpaccio oder Mousse, ist jede Tr\u00fcffelspezialit\u00e4t ein kleines Meisterwerk an Geschmack und Aroma.\n\nPerfekt f\u00fcr einen eleganten Aperitif, eine raffinierte Vorspeise oder ein Gourmet-Geschenk, sind Tr\u00fcffelspezialit\u00e4ten ein wahres Symbol f\u00fcr Luxus und Genuss.\n\nJede Verkostung ist eine Reise in die Welt der feinen Aromen, ein Erlebnis, das die Sinne befriedigt und den Gaumen mit der unverwechselbaren Magie der Tr\u00fcffel erobert.<\/em><\/span><\/p>\n<p>[\/et_pb_text][et_pb_shop type=&#8221;product_category&#8221; include_categories=&#8221;22&#8243; orderby=&#8221;menu_order&#8221; _builder_version=&#8221;4.27.4&#8243; _module_preset=&#8221;default&#8221; title_font=&#8221;|700|||||||&#8221; title_text_color=&#8221;#FFFFFF&#8221; text_orientation=&#8221;center&#8221; border_radii_image=&#8221;on|20px|20px|20px|20px&#8221; global_colors_info=&#8221;{}&#8221; theme_builder_area=&#8221;post_content&#8221;][\/et_pb_shop][\/et_pb_column][\/et_pb_row][\/et_pb_section][et_pb_section fb_built=&#8221;1&#8243; _builder_version=&#8221;4.27.4&#8243; _module_preset=&#8221;default&#8221; background_color=&#8221;rgba(189,143,82,0.15)&#8221; global_colors_info=&#8221;{}&#8221; theme_builder_area=&#8221;post_content&#8221;][et_pb_row _builder_version=&#8221;4.27.4&#8243; _module_preset=&#8221;default&#8221; global_colors_info=&#8221;{}&#8221; theme_builder_area=&#8221;post_content&#8221;][et_pb_column type=&#8221;4_4&#8243; _builder_version=&#8221;4.27.4&#8243; _module_preset=&#8221;default&#8221; global_colors_info=&#8221;{}&#8221; theme_builder_area=&#8221;post_content&#8221;][et_pb_text _builder_version=&#8221;4.27.4&#8243; _module_preset=&#8221;default&#8221; header_font=&#8221;|800|||||||&#8221; header_font_size=&#8221;35px&#8221; global_colors_info=&#8221;{}&#8221; theme_builder_area=&#8221;post_content&#8221;]<\/p>\n<h1 style=\"text-align: center;\">Wonnen<\/h1>\n<h3 class=\"p1\" style=\"text-align: center;\"><strong>Erh\u00e4ltlich in Packungen mit 6, 12 und 24 St\u00fcck.<\/strong><\/h3>\n<p>[\/et_pb_text][et_pb_text _builder_version=&#8221;4.27.4&#8243; _module_preset=&#8221;default&#8221; locked=&#8221;off&#8221; global_colors_info=&#8221;{}&#8221; theme_builder_area=&#8221;post_content&#8221;]<\/p>\n<p style=\"text-align: center;\"><span style=\"color: #333333;\"><em>Tr\u00fcffelk\u00f6stlichkeiten wie Marmeladen und Honig sind eine exquisite und unerwartete M\u00f6glichkeit, den feinen Geschmack von Tr\u00fcffeln zu genie\u00dfen.\n\nDiese s\u00fc\u00df-herzhaften Kreationen bieten einen faszinierenden Kontrast, der die erdigen und aromatischen Noten der Tr\u00fcffel in einem ganz neuen Kontext hervorhebt.\n\nDie Tr\u00fcffelmarmelade mit ihrer weichen Textur und ihrem reichhaltigen und komplexen Geschmack ist ideal, um gereiften K\u00e4se, Foie Gras oder originelle Gourmet-Croutons zu begleiten.\n\nTr\u00fcffelhonig hingegen \u00fcberrascht mit seiner zart gew\u00fcrzten S\u00fc\u00dfe, die sich perfekt zum Glasieren von gebratenem Fleisch, zum W\u00fcrzen von Joghurt oder einfach zum Genie\u00dfen auf einer Scheibe frischem Brot eignet.\n\nBeide Tr\u00fcffelk\u00f6stlichkeiten verleihen jedem Bissen einen Hauch von Raffinesse und Originalit\u00e4t und verwandeln einen einfachen Moment in ein Gourmet-Verw\u00f6hnprogramm.<\/em><\/span><\/p>\n<p>[\/et_pb_text][et_pb_shop type=&#8221;product_category&#8221; include_categories=&#8221;23&#8243; orderby=&#8221;menu_order&#8221; _builder_version=&#8221;4.27.4&#8243; _module_preset=&#8221;default&#8221; title_font=&#8221;|700|||||||&#8221; text_orientation=&#8221;center&#8221; border_radii_image=&#8221;on|20px|20px|20px|20px&#8221; global_colors_info=&#8221;{}&#8221; theme_builder_area=&#8221;post_content&#8221;][\/et_pb_shop][\/et_pb_column][\/et_pb_row][\/et_pb_section]<\/p>\n","protected":false},"excerpt":{"rendered":"<p>Entdecken Sie den Tr\u00fcffel, das Ergebnis von Authentizit\u00e4t und Leidenschaft, mit unserer besonderen Produktlinie. Jedes Produkt von Manganoni Tartufi wird in einem strengen Auswahlverfahren unter der Leitung von Dr. Giacomo Manganoni und mit Hilfe lokaler Handwerker hergestellt. Marco&#8217;s Saucen, aromatisierte \u00d6le und handwerkliche Spezialit\u00e4ten verwandeln jedes Gericht in ein Gourmet-Erlebnis.Dank der Zusammenarbeit mit Prof. Dr. [&hellip;]<\/p>\n","protected":false},"author":1,"featured_media":0,"parent":0,"menu_order":0,"comment_status":"closed","ping_status":"closed","template":"","meta":{"_et_pb_use_builder":"on","_et_pb_old_content":"","_et_gb_content_width":"","footnotes":""},"class_list":["post-491","page","type-page","status-publish","hentry"],"_links":{"self":[{"href":"https:\/\/www.manganonitartufi.com\/de\/wp-json\/wp\/v2\/pages\/491","targetHints":{"allow":["GET"]}}],"collection":[{"href":"https:\/\/www.manganonitartufi.com\/de\/wp-json\/wp\/v2\/pages"}],"about":[{"href":"https:\/\/www.manganonitartufi.com\/de\/wp-json\/wp\/v2\/types\/page"}],"author":[{"embeddable":true,"href":"https:\/\/www.manganonitartufi.com\/de\/wp-json\/wp\/v2\/users\/1"}],"replies":[{"embeddable":true,"href":"https:\/\/www.manganonitartufi.com\/de\/wp-json\/wp\/v2\/comments?post=491"}],"version-history":[{"count":9,"href":"https:\/\/www.manganonitartufi.com\/de\/wp-json\/wp\/v2\/pages\/491\/revisions"}],"predecessor-version":[{"id":646,"href":"https:\/\/www.manganonitartufi.com\/de\/wp-json\/wp\/v2\/pages\/491\/revisions\/646"}],"wp:attachment":[{"href":"https:\/\/www.manganonitartufi.com\/de\/wp-json\/wp\/v2\/media?parent=491"}],"curies":[{"name":"wp","href":"https:\/\/api.w.org\/{rel}","templated":true}]}}