{"id":497,"date":"2025-02-24T14:31:53","date_gmt":"2025-02-24T13:31:53","guid":{"rendered":"https:\/\/www.manganonitartufi.com\/arbeiten-sie-mit-uns\/"},"modified":"2025-06-11T11:19:07","modified_gmt":"2025-06-11T09:19:07","slug":"arbeiten-sie-mit-uns","status":"publish","type":"page","link":"https:\/\/www.manganonitartufi.com\/de\/arbeiten-sie-mit-uns\/","title":{"rendered":"Arbeiten Sie mit uns"},"content":{"rendered":"<p>[et_pb_section fb_built=&#8221;1&#8243; _builder_version=&#8221;4.27.4&#8243; _module_preset=&#8221;default&#8221; global_colors_info=&#8221;{}&#8221;][et_pb_row _builder_version=&#8221;4.27.4&#8243; _module_preset=&#8221;default&#8221; global_colors_info=&#8221;{}&#8221;][et_pb_column type=&#8221;4_4&#8243; _builder_version=&#8221;4.27.4&#8243; _module_preset=&#8221;default&#8221; global_colors_info=&#8221;{}&#8221;][et_pb_image src=&#8221;http:\/\/www.manganonitartufi.com\/wp-content\/uploads\/2024\/12\/ProdottiInsieme_02-scaled-e1740404044362.jpg&#8221; alt=&#8221;Manganoni-Tr\u00fcffel &#8211; Alle unsere Produkte&#8221; title_text=&#8221;ProdottiInsieme_02&#8243; force_fullwidth=&#8221;on&#8221; _builder_version=&#8221;4.27.4&#8243; _module_preset=&#8221;default&#8221; custom_margin=&#8221;0px||0px||false|false&#8221; border_radii=&#8221;on|20px|20px|20px|20px&#8221; global_colors_info=&#8221;{}&#8221;][\/et_pb_image][et_pb_text _builder_version=&#8221;4.27.4&#8243; _module_preset=&#8221;default&#8221; custom_margin=&#8221;50px||||false|false&#8221; global_colors_info=&#8221;{}&#8221;]<\/p>\n<h1 style=\"text-align: center;\">Arbeiten Sie mit uns<\/h1>\n<p>[\/et_pb_text][\/et_pb_column][\/et_pb_row][et_pb_row column_structure=&#8221;3_5,2_5&#8243; _builder_version=&#8221;4.27.4&#8243; _module_preset=&#8221;default&#8221; global_colors_info=&#8221;{}&#8221;][et_pb_column type=&#8221;3_5&#8243; _builder_version=&#8221;4.27.4&#8243; _module_preset=&#8221;default&#8221; global_colors_info=&#8221;{}&#8221;][et_pb_text _builder_version=&#8221;4.27.4&#8243; _module_preset=&#8221;default&#8221; global_colors_info=&#8221;{}&#8221;]<\/p>\n<h4><span>M\u00f6chten Sie Teil eines italienischen Unternehmens werden, das in die Zukunft blickt, ohne seine Wurzeln zu vergessen?  <\/span><\/h4>\n<p><span>Manganoni Tartufi bietet ein dynamisches und innovatives Arbeitsumfeld, in dem sich Tradition mit dem Wunsch verbindet, zu wachsen und neue Grenzen zu erkunden.<\/span><\/p>\n<p><span>Wir sind ein Unternehmen, das st\u00e4ndig expandiert, was bedeutet, dass es f\u00fcr unsere Mitarbeiter st\u00e4ndig M\u00f6glichkeiten gibt, sich beruflich weiterzuentwickeln und aktiv zu unserem Erfolgsweg beizutragen.<\/span><\/p>\n<p><span>Wenn Sie eine entschlossene Person mit dem Wunsch sind, etwas zu tun, bietet Ihnen Manganoni Tartufi die M\u00f6glichkeit, Ihre berufliche Geschichte mit uns zu schreiben.<\/span><\/p>\n<ul><\/ul>\n<p>[\/et_pb_text][\/et_pb_column][et_pb_column type=&#8221;2_5&#8243; _builder_version=&#8221;4.27.4&#8243; _module_preset=&#8221;default&#8221; global_colors_info=&#8221;{}&#8221;][et_pb_image src=&#8221;http:\/\/www.manganonitartufi.com\/wp-content\/uploads\/2025\/04\/manganoni-tartufi-vallecamonica-capo-di-ponte-chi-siamo-square.jpg&#8221; title_text=&#8221;Manganoni-Tartufi-Vallecamonica-Capo-di-Ponte-Wer-wir-sind-Platz&#8221; _builder_version=&#8221;4.27.4&#8243; _module_preset=&#8221;default&#8221; border_radii=&#8221;on|20px|20px|20px|20px&#8221; global_colors_info=&#8221;{}&#8221;][\/et_pb_image][\/et_pb_column][\/et_pb_row][\/et_pb_section][et_pb_section fb_built=&#8221;1&#8243; _builder_version=&#8221;4.27.4&#8243; _module_preset=&#8221;default&#8221; background_color=&#8221;gcid-2b25efe9-6c32-4969-9ed5-a7871a2eb4c0&#8243; global_colors_info=&#8221;{%22gcid-2b25efe9-6c32-4969-9ed5-a7871a2eb4c0%22:%91%22background_color%22%93}&#8221;][et_pb_row _builder_version=&#8221;4.27.4&#8243; _module_preset=&#8221;default&#8221; global_colors_info=&#8221;{}&#8221;][et_pb_column type=&#8221;4_4&#8243; _builder_version=&#8221;4.27.4&#8243; _module_preset=&#8221;default&#8221; global_colors_info=&#8221;{}&#8221;][et_pb_text _builder_version=&#8221;4.27.4&#8243; _module_preset=&#8221;default&#8221; global_colors_info=&#8221;{}&#8221;]<\/p>\n<p style=\"text-align: center;\">Wenn Sie sich in diesen Werten wiedererkennen und sich unserem Team anschlie\u00dfen m\u00f6chten, z\u00f6gern Sie nicht, Ihren Lebenslauf an folgende Adresse zu senden: <a href=\"mailto:info@manganonitartufi.com\">info@manganonitartufi.com<\/a><\/p>\n<p>[\/et_pb_text][\/et_pb_column][\/et_pb_row][\/et_pb_section]<\/p>\n","protected":false},"excerpt":{"rendered":"<p>Arbeiten Sie mit unsM\u00f6chten Sie Teil eines italienischen Unternehmens werden, das in die Zukunft blickt, ohne seine Wurzeln zu vergessen? Manganoni Tartufi bietet ein dynamisches und innovatives Arbeitsumfeld, in dem sich Tradition mit dem Wunsch verbindet, zu wachsen und neue Grenzen zu erkunden. Wir sind ein Unternehmen, das st\u00e4ndig expandiert, was bedeutet, dass es f\u00fcr [&hellip;]<\/p>\n","protected":false},"author":1,"featured_media":0,"parent":0,"menu_order":0,"comment_status":"closed","ping_status":"closed","template":"","meta":{"_et_pb_use_builder":"on","_et_pb_old_content":"","_et_gb_content_width":"","footnotes":""},"class_list":["post-497","page","type-page","status-publish","hentry"],"_links":{"self":[{"href":"https:\/\/www.manganonitartufi.com\/de\/wp-json\/wp\/v2\/pages\/497","targetHints":{"allow":["GET"]}}],"collection":[{"href":"https:\/\/www.manganonitartufi.com\/de\/wp-json\/wp\/v2\/pages"}],"about":[{"href":"https:\/\/www.manganonitartufi.com\/de\/wp-json\/wp\/v2\/types\/page"}],"author":[{"embeddable":true,"href":"https:\/\/www.manganonitartufi.com\/de\/wp-json\/wp\/v2\/users\/1"}],"replies":[{"embeddable":true,"href":"https:\/\/www.manganonitartufi.com\/de\/wp-json\/wp\/v2\/comments?post=497"}],"version-history":[{"count":3,"href":"https:\/\/www.manganonitartufi.com\/de\/wp-json\/wp\/v2\/pages\/497\/revisions"}],"predecessor-version":[{"id":649,"href":"https:\/\/www.manganonitartufi.com\/de\/wp-json\/wp\/v2\/pages\/497\/revisions\/649"}],"wp:attachment":[{"href":"https:\/\/www.manganonitartufi.com\/de\/wp-json\/wp\/v2\/media?parent=497"}],"curies":[{"name":"wp","href":"https:\/\/api.w.org\/{rel}","templated":true}]}}