{"id":504,"date":"2025-02-24T14:31:53","date_gmt":"2025-02-24T13:31:53","guid":{"rendered":"https:\/\/www.manganonitartufi.com\/ueber-uns\/"},"modified":"2025-05-16T12:02:48","modified_gmt":"2025-05-16T10:02:48","slug":"ueber-uns","status":"publish","type":"page","link":"https:\/\/www.manganonitartufi.com\/de\/ueber-uns\/","title":{"rendered":"\u00dcber uns"},"content":{"rendered":"<p>[et_pb_section fb_built=&#8221;1&#8243; _builder_version=&#8221;4.27.4&#8243; _module_preset=&#8221;default&#8221; global_colors_info=&#8221;{}&#8221;][et_pb_row _builder_version=&#8221;4.27.4&#8243; _module_preset=&#8221;default&#8221; global_colors_info=&#8221;{}&#8221;][et_pb_column type=&#8221;4_4&#8243; _builder_version=&#8221;4.27.4&#8243; _module_preset=&#8221;default&#8221; global_colors_info=&#8221;{}&#8221;][et_pb_image src=&#8221;http:\/\/www.manganonitartufi.com\/wp-content\/uploads\/2024\/12\/ProdottiInsieme_02-scaled-e1740404044362.jpg&#8221; alt=&#8221;Manganoni-Tr\u00fcffel &#8211; Alle unsere Produkte&#8221; title_text=&#8221;ProdottiInsieme_02&#8243; force_fullwidth=&#8221;on&#8221; _builder_version=&#8221;4.27.4&#8243; _module_preset=&#8221;default&#8221; custom_margin=&#8221;0px||0px||false|false&#8221; border_radii=&#8221;on|20px|20px|20px|20px&#8221; global_colors_info=&#8221;{}&#8221;][\/et_pb_image][et_pb_text _builder_version=&#8221;4.27.4&#8243; _module_preset=&#8221;default&#8221; custom_margin=&#8221;50px||||false|false&#8221; global_colors_info=&#8221;{}&#8221;]<\/p>\n<h1 style=\"text-align: center;\">\u00dcber uns<\/h1>\n<p>[\/et_pb_text][\/et_pb_column][\/et_pb_row][et_pb_row column_structure=&#8221;3_5,2_5&#8243; _builder_version=&#8221;4.27.4&#8243; _module_preset=&#8221;default&#8221; global_colors_info=&#8221;{}&#8221;][et_pb_column type=&#8221;3_5&#8243; _builder_version=&#8221;4.27.4&#8243; _module_preset=&#8221;default&#8221; global_colors_info=&#8221;{}&#8221;][et_pb_text _builder_version=&#8221;4.27.4&#8243; _module_preset=&#8221;default&#8221; global_colors_info=&#8221;{}&#8221;]<\/p>\n<p>MANGANONI TARTUFI wurde im Zentrum der herrlichen Naturlandschaft des Camonica-Tals geboren, in Capo di Ponte, dem Schwerpunkt des gr\u00f6\u00dften pr\u00e4historischen Freiluftheiligtums, dem Arch\u00e4ologischen Park der Felsgravuren, der ersten italienischen Unesco-St\u00e4tte.<\/p>\n<p>An diesen H\u00e4ngen, die f\u00fcr das g\u00fcnstige Klima, die fruchtbaren B\u00f6den, die Anziehungskraft der Orte und die gro\u00dfe Kraft der Elemente wie die Orographie der Berge, die Kraft des Wassers und der Sonne bekannt sind, wurde eine neue Realit\u00e4t geboren, die der Verarbeitung und Veredelung von Produkten auf Tr\u00fcffelbasis gewidmet ist, die MANGANONI TARTUFI SRL.<\/p>\n<p>Das Unternehmen ist das Ergebnis der Intuition von Prof. Dr. Giacomo Manganoni, professioneller landwirtschaftlicher Unternehmer, Hochschulabsolvent in Marketing und Design, Professor, Verwalter, Experte f\u00fcr Tr\u00fcffeljagd und der einen renommierten und etablierten Bauernhof nutzt, der vor einigen Jahren mit der Unterst\u00fctzung von Coldiretti und der Zusammenarbeit mit dem CFP &#8220;Padre Marcolini&#8221; Professional Training Center mit Sitz in Cemmo di Capo di Ponte gegr\u00fcndet wurde.  Mitbegr\u00fcnder des Vereins &#8220;Valle Camonica und der Tr\u00fcffel&#8221;, mit dem Workshops zu Tr\u00fcffeln und Lavendel entwickelt wurden, Erlebnispakete, an denen Studenten der Touristenadresse begeistert teilnahmen. Angetrieben von seiner Leidenschaft f\u00fcr sein Gesch\u00e4ft hat Giacomo Manganoni auch eine wichtige Forschung \u00fcber Tr\u00fcffel-Mykorrhiza-Pflanzen gewagt, an der die Berggemeinschaft des Valle Camonica beteiligt war, um die Analyse und Wiederherstellung von unbewirtschafteten Fl\u00e4chen in dem Gebiet durchzuf\u00fchren, das sich vom Norden bis zum S\u00fcden des Tals erstreckt, von Capo di Ponte bis Artogne.  Entdecken, Studieren und Vermessen von bis zu acht essbaren Tr\u00fcffelarten. <\/p>\n<p>Die Studien, die Forschung und der Erfolg der T\u00e4tigkeit von Giacomo haben sich in der gesamten Region Brescia verbreitet und die Leidenschaft f\u00fcr den Sektor bei anderen Menschen entfacht, die Giacomo in sein ehrgeiziges Projekt einbeziehen wollte:<\/p>\n<ul>\n<li>Marco Giacomelli, ein Liebhaber und Bewunderer der lokalen Produkte und der K\u00fcche, dank seiner Arbeit in einem renommierten lokalen Delikatessengesch\u00e4ft;<\/li>\n<li>Ferruccio Lorenzini, ein Verk\u00e4ufer, der sich mit Verkaufstechniken auskennt;<\/li>\n<li>Um das Unternehmen noch spezieller und internationaler zu machen, ist der Eintritt von Prof. Dr. Ralph Giovanni Brinkmann, einem langj\u00e4hrigen Freund Giacomos und etablierten Professor, Wirtschaftspr\u00fcfer und Wirtschaftspr\u00fcfer auch aus den USA, und seiner Frau Dr. Iram Kamal, Rechtsanw\u00e4ltin, in die Gruppe der Bavaria Advisory GmbH, M\u00fcnchen, Deutschland. Zu diesem Zweck ist die Bavaria Advisory GmbH Partner der MANGANONI TARTUFI SRL geworden. <\/li>\n<\/ul>\n<p>[\/et_pb_text][\/et_pb_column][et_pb_column type=&#8221;2_5&#8243; _builder_version=&#8221;4.27.4&#8243; _module_preset=&#8221;default&#8221; global_colors_info=&#8221;{}&#8221;][et_pb_image src=&#8221;http:\/\/www.manganonitartufi.com\/wp-content\/uploads\/2025\/02\/manganoni-tartufi-vallecamonica-capo-di-ponte-chi-siamo-01.jpg&#8221; title_text=&#8221;manganoni-tr\u00fcffel-vallecamonica-capo-di-ponte-wer-wir-sind-01&#8243; _builder_version=&#8221;4.27.4&#8243; _module_preset=&#8221;default&#8221; hover_enabled=&#8221;0&#8243; global_colors_info=&#8221;{}&#8221; sticky_enabled=&#8221;0&#8243;][\/et_pb_image][\/et_pb_column][\/et_pb_row][et_pb_row _builder_version=&#8221;4.27.4&#8243; _module_preset=&#8221;default&#8221; global_colors_info=&#8221;{}&#8221;][et_pb_column type=&#8221;4_4&#8243; _builder_version=&#8221;4.27.4&#8243; _module_preset=&#8221;default&#8221; global_colors_info=&#8221;{}&#8221;][et_pb_text _builder_version=&#8221;4.27.4&#8243; _module_preset=&#8221;default&#8221; global_colors_info=&#8221;{}&#8221;]<\/p>\n<p>Die gemeinsame Leidenschaft f\u00fcr Tr\u00fcffel und f\u00fcr italienische kulinarische Traditionen f\u00fchrte dazu, dass sich die Mitglieder auf Dr\u00e4ngen von Giacomo zusammenschlossen, um die &#8220;MANGANONI TARTUFI SRL&#8221; zu gr\u00fcnden. Das Projekt nahm Gestalt an, ausgehend von einer einfachen Idee: eine Linie von Spezialit\u00e4ten auf Tr\u00fcffelbasis herzustellen, um der ganzen Welt den Reichtum des kamunischen Territoriums bewusst zu machen. <\/p>\n<ul>\n<li>So beschlossen die Mitglieder, mit der Produktion von \u00d6len, Saucen, Cremes, Butter, Carpaccio, Saucen, Pommes frites und handwerklich hergestellten Nudeln zu beginnen, die mit Tr\u00fcffeln angereichert sind.<\/li>\n<li>Dr. Giacomo Manganoni leitete die Forschung, das Studium und das Sammeln von Tr\u00fcffeln und lehrte die anderen Mitglieder die Techniken der Forschung und des Sammelns.<\/li>\n<li>Lokale Handwerker halfen dabei, die Traditionen der Verarbeitung am Leben zu erhalten, w\u00e4hrend Marco mit einzigartigen Rezepten experimentierte, um den Geschmack der Tr\u00fcffel zu verbessern.<\/li>\n<li>Prof. Dr. Ralph Giovanni Brinkmann und Dr. Iram Kamal mit ihrer internationalen Erfahrung erm\u00f6glichten die Schaffung einer Marke, die von Authentizit\u00e4t und Qualit\u00e4t sprach, und \u00f6ffneten die T\u00fcren f\u00fcr potenzielle Partner im Ausland.<\/li>\n<li>Ferruccio hat sich mit seiner Sturheit der Suche nach neuen Strategien und Vertriebskan\u00e4len verschrieben.<\/li>\n<\/ul>\n<p>Nach einem Jahr intensiver Arbeit wurde das Unternehmen gegr\u00fcndet und die Marktresonanz ist enthusiastisch.<\/p>\n<p>Die Kunden sch\u00e4tzen nicht nur die Qualit\u00e4t der Produkte, sondern auch die fesselnde Geschichte hinter jedem Glas So\u00dfe oder jeder Flasche \u00d6l.<\/p>\n<p>Die Transparenz des Produktionsprozesses und das Bekenntnis zur Nachhaltigkeit erobern die Herzen der Verbraucher. &#8220;MANGANONI TARTUFI SRL&#8221; ist ein Bezugspunkt f\u00fcr Tr\u00fcffelliebhaber und ein Beispiel daf\u00fcr, wie Leidenschaft, Tradition und Innovation ein erfolgreiches Gesch\u00e4ftsprojekt zum Leben erwecken k\u00f6nnen, ein einzigartiges Produkt f\u00f6rdern und ein Gebiet aufwerten, das reich an Geschichte, Kultur, Umwelt und Aromen ist. <\/p>\n<p>&#8220;MANGANONI TARTUFI SRL&#8221; ist nicht nur ein Unternehmen, sondern ein Botschafter des Valle Camonica in der Welt, das den Duft von Tr\u00fcffeln und die Sch\u00f6nheit eines Gebiets mit sich bringt, das eine wahre Schatzkammer f\u00fcr gastronomische Sch\u00e4tze ist.<\/p>\n<p>[\/et_pb_text][et_pb_image src=&#8221;http:\/\/www.manganonitartufi.com\/wp-content\/uploads\/2025\/02\/manganoni-tartufi-vallecamonica-capo-di-ponte-chi-siamo-02.jpg&#8221; _builder_version=&#8221;4.27.4&#8243; _module_preset=&#8221;default&#8221; hover_enabled=&#8221;0&#8243; global_colors_info=&#8221;{}&#8221; title_text=&#8221;Manganoni-Tartufi-Vallecamonica-Capo-di-Ponte-wer-wir-sind-02&#8243; sticky_enabled=&#8221;0&#8243;][\/et_pb_image][\/et_pb_column][\/et_pb_row][\/et_pb_section][et_pb_section fb_built=&#8221;1&#8243; _builder_version=&#8221;4.27.4&#8243; _module_preset=&#8221;default&#8221; global_colors_info=&#8221;{}&#8221;][et_pb_row _builder_version=&#8221;4.27.4&#8243; _module_preset=&#8221;default&#8221; global_colors_info=&#8221;{}&#8221;][et_pb_column type=&#8221;4_4&#8243; _builder_version=&#8221;4.27.4&#8243; _module_preset=&#8221;default&#8221; global_colors_info=&#8221;{}&#8221;][\/et_pb_column][\/et_pb_row][\/et_pb_section]<\/p>\n","protected":false},"excerpt":{"rendered":"<p>\u00dcber unsMANGANONI TARTUFI wurde im Zentrum der herrlichen Naturlandschaft des Camonica-Tals geboren, in Capo di Ponte, dem Schwerpunkt des gr\u00f6\u00dften pr\u00e4historischen Freiluftheiligtums, dem Arch\u00e4ologischen Park der Felsgravuren, der ersten italienischen Unesco-St\u00e4tte. An diesen H\u00e4ngen, die f\u00fcr das g\u00fcnstige Klima, die fruchtbaren B\u00f6den, die Anziehungskraft der Orte und die gro\u00dfe Kraft der Elemente wie die Orographie [&hellip;]<\/p>\n","protected":false},"author":1,"featured_media":0,"parent":0,"menu_order":0,"comment_status":"closed","ping_status":"closed","template":"","meta":{"_et_pb_use_builder":"on","_et_pb_old_content":"","_et_gb_content_width":"","footnotes":""},"class_list":["post-504","page","type-page","status-publish","hentry"],"_links":{"self":[{"href":"https:\/\/www.manganonitartufi.com\/de\/wp-json\/wp\/v2\/pages\/504","targetHints":{"allow":["GET"]}}],"collection":[{"href":"https:\/\/www.manganonitartufi.com\/de\/wp-json\/wp\/v2\/pages"}],"about":[{"href":"https:\/\/www.manganonitartufi.com\/de\/wp-json\/wp\/v2\/types\/page"}],"author":[{"embeddable":true,"href":"https:\/\/www.manganonitartufi.com\/de\/wp-json\/wp\/v2\/users\/1"}],"replies":[{"embeddable":true,"href":"https:\/\/www.manganonitartufi.com\/de\/wp-json\/wp\/v2\/comments?post=504"}],"version-history":[{"count":2,"href":"https:\/\/www.manganonitartufi.com\/de\/wp-json\/wp\/v2\/pages\/504\/revisions"}],"predecessor-version":[{"id":506,"href":"https:\/\/www.manganonitartufi.com\/de\/wp-json\/wp\/v2\/pages\/504\/revisions\/506"}],"wp:attachment":[{"href":"https:\/\/www.manganonitartufi.com\/de\/wp-json\/wp\/v2\/media?parent=504"}],"curies":[{"name":"wp","href":"https:\/\/api.w.org\/{rel}","templated":true}]}}