{"id":528,"date":"2025-02-21T17:18:50","date_gmt":"2025-02-21T16:18:50","guid":{"rendered":"https:\/\/www.manganonitartufi.com\/prodotto\/creme-mit-weissem-trueffel\/"},"modified":"2025-02-21T17:18:50","modified_gmt":"2025-02-21T16:18:50","slug":"creme-mit-weissem-trueffel","status":"publish","type":"product","link":"https:\/\/www.manganonitartufi.com\/de\/prodotto\/creme-mit-weissem-trueffel\/","title":{"rendered":"Creme mit wei\u00dfem Tr\u00fcffel"},"content":{"rendered":"","protected":false},"excerpt":{"rendered":"<p><strong>Geschmack<\/strong>: kr\u00e4ftig und sehr vielseitig.<br \/>\n<strong>Empfohlen f\u00fcr<\/strong>: k\u00f6stliche Vorspeisen, erste G\u00e4nge, F\u00fcllungen f\u00fcr Pasta und Fleischgerichte.<\/p>\n","protected":false},"featured_media":530,"comment_status":"open","ping_status":"closed","template":"","meta":{"_et_pb_use_builder":"","_et_pb_old_content":"","_et_gb_content_width":""},"product_brand":[],"product_cat":[65],"product_tag":[],"class_list":{"0":"post-528","1":"product","2":"type-product","3":"status-publish","4":"has-post-thumbnail","6":"product_cat-saucen","8":"first","9":"instock","10":"shipping-taxable","11":"product-type-simple"},"_links":{"self":[{"href":"https:\/\/www.manganonitartufi.com\/de\/wp-json\/wp\/v2\/product\/528","targetHints":{"allow":["GET"]}}],"collection":[{"href":"https:\/\/www.manganonitartufi.com\/de\/wp-json\/wp\/v2\/product"}],"about":[{"href":"https:\/\/www.manganonitartufi.com\/de\/wp-json\/wp\/v2\/types\/product"}],"replies":[{"embeddable":true,"href":"https:\/\/www.manganonitartufi.com\/de\/wp-json\/wp\/v2\/comments?post=528"}],"wp:featuredmedia":[{"embeddable":true,"href":"https:\/\/www.manganonitartufi.com\/de\/wp-json\/wp\/v2\/media\/530"}],"wp:attachment":[{"href":"https:\/\/www.manganonitartufi.com\/de\/wp-json\/wp\/v2\/media?parent=528"}],"wp:term":[{"taxonomy":"product_brand","embeddable":true,"href":"https:\/\/www.manganonitartufi.com\/de\/wp-json\/wp\/v2\/product_brand?post=528"},{"taxonomy":"product_cat","embeddable":true,"href":"https:\/\/www.manganonitartufi.com\/de\/wp-json\/wp\/v2\/product_cat?post=528"},{"taxonomy":"product_tag","embeddable":true,"href":"https:\/\/www.manganonitartufi.com\/de\/wp-json\/wp\/v2\/product_tag?post=528"}],"curies":[{"name":"wp","href":"https:\/\/api.w.org\/{rel}","templated":true}]}}